{"id":958,"date":"2018-10-05T11:18:47","date_gmt":"2018-10-05T09:18:47","guid":{"rendered":"http:\/\/daniela.aufwind.co.at\/?page_id=958"},"modified":"2022-02-02T10:23:29","modified_gmt":"2022-02-02T09:23:29","slug":"impressum","status":"publish","type":"page","link":"https:\/\/daniela.at\/saengerin\/impressum\/","title":{"rendered":"Impressum"},"content":{"rendered":"<h3>Informationspflicht lt. \u00a75 E-Commerce-Gesetz<\/h3>\n<p>\u00a9 DANIELA URICH<br \/>\nStadtplatz 36 und 38 | 4690 Schwanenstadt<br \/>\nemail:\u00a0<a href=\"mailto:daniela@urich.at\">daniela@urich.at<\/a><\/p>\n<p>Mobil: +43 (0) 664 \/ 61 03 920<br \/>\nTel.: +43 (0) 7673 \/ 2204<br \/>\nFax: +43 (0) 7673 \/ 2204 20<\/p>\n<p>Web-Konzept &amp; Realisierung:\u00a0<a href=\"https:\/\/www.aufwind.co.at\/\" target=\"_blank\" rel=\"noopener\">www.aufwind.co.at<\/a><br \/>\nFotos: Daniela Urich, Aufwind, Adobe Stock, Manfred Baumann<br \/>\nPlattenfirma: ENEF Media GmbH, Schallmooser Hauptstra\u00dfe 44, 5020 Salzburg<\/p>\n<p><a href=\"http:\/\/enefmedia.at\/\" target=\"_blank\" rel=\"noopener\"><img loading=\"lazy\" class=\"alignnone wp-image-1716 size-full\" src=\"https:\/\/daniela.at\/saengerin\/wp-content\/uploads\/2018\/11\/enef-media-logo.jpg\" alt=\"\" width=\"100\" height=\"56\" \/><\/a><\/p>\n<p><strong>1. Haftungsbeschr\u00e4nkung<\/strong><br \/>\nDie Inhalte dieser Website werden mit gr\u00f6\u00dftm\u00f6glicher Sorgfalt erstellt. Der Anbieter \u00fcbernimmt jedoch keine Gew\u00e4hr f\u00fcr die Richtigkeit, Vollst\u00e4ndigkeit und Aktualit\u00e4t der bereitgestellten Inhalte. Die Nutzung der Inhalte der Website erfolgt auf eigene Gefahr des Nutzers. Namentlich gekennzeichnete Beitr\u00e4ge geben die Meinung des jeweiligen Autors und nicht immer die Meinung des Anbieters wieder. Mit der reinen Nutzung der Website des Anbieters kommt keinerlei Vertragsverh\u00e4ltnis zwischen dem Nutzer und dem Anbieter zustande.<\/p>\n<p><strong>2. Externe Links<\/strong><br \/>\nDiese Website enth\u00e4lt Verkn\u00fcpfungen zu Websites Dritter (\u201eexterne Links\u201c). Diese Websites unterliegen der Haftung der jeweiligen Betreiber. Der Anbieter hat bei der erstmaligen Verkn\u00fcpfung der externen Links die fremden Inhalte daraufhin \u00fcberpr\u00fcft, ob etwaige Rechtsverst\u00f6\u00dfe bestehen. Zu dem Zeitpunkt waren keine Rechtsverst\u00f6\u00dfe ersichtlich. Der Anbieter hat keinerlei Einfluss auf die aktuelle und zuk\u00fcnftige Gestaltung und auf die Inhalte der verkn\u00fcpften Seiten. Das Setzen von externen Links bedeutet nicht, dass sich der Anbieter die hinter dem Verweis oder Link liegenden Inhalte zu Eigen macht. Eine st\u00e4ndige Kontrolle der externen Links ist f\u00fcr den Anbieter ohne konkrete Hinweise auf Rechtsverst\u00f6\u00dfe nicht zumutbar. Bei Kenntnis von Rechtsverst\u00f6\u00dfen werden jedoch derartige externe Links unverz\u00fcglich gel\u00f6scht.<\/p>\n<p><strong>3. Urheber- und Leistungsschutzrechte<\/strong><br \/>\nDie auf dieser Website ver\u00f6ffentlichten Inhalte unterliegen dem \u00f6sterreichischen Urheber- und Leistungsschutzrecht. Jede vom \u00f6sterreichischen Urheber- und Leistungsschutzrecht nicht zugelassene Verwertung bedarf der vorherigen schriftlichen Zustimmung des Anbieters oder jeweiligen Rechteinhabers. Dies gilt insbesondere f\u00fcr Vervielf\u00e4ltigung, Bearbeitung, \u00dcbersetzung, Einspeicherung, Verarbeitung bzw. Wiedergabe von Inhalten in Datenbanken oder anderen elektronischen Medien und Systemen. Inhalte und Rechte Dritter sind dabei als solche gekennzeichnet. Die unerlaubte Vervielf\u00e4ltigung oder Weitergabe einzelner Inhalte oder kompletter Seiten ist nicht gestattet und strafbar. Lediglich die Herstellung von Kopien und Downloads f\u00fcr den pers\u00f6nlichen, privaten und nicht kommerziellen Gebrauch ist erlaubt. Die Darstellung dieser Website in fremden Frames ist nur mit schriftlicher Erlaubnis zul\u00e4ssig.<\/p>\n<p><strong>4. Erkl\u00e4rung zur Informationspflicht (Datenschutzerkl\u00e4rung)<\/strong><\/p>\n<p>Der Schutz Ihrer pers\u00f6nlichen Daten ist uns ein besonderes Anliegen. Wir verarbeiten Ihre Daten daher ausschlie\u00dflich auf Grundlage der gesetzlichen Bestimmungen (DSGVO, TKG 2003). In diesen Datenschutzinformationen informieren wir Sie \u00fcber die wichtigsten Aspekte der Datenverarbeitung im Rahmen unserer Website.<\/p>\n<p><strong>Kontakt mit uns<br \/>\n<\/strong>Wenn Sie per Formular auf der Website oder per E-Mail Kontakt mit uns aufnehmen, werden Ihre angegebenen Daten zwecks Bearbeitung der Anfrage und f\u00fcr den Fall von Anschlussfragen sechs Monate bei uns gespeichert. Diese Daten geben wir nicht ohne Ihre Einwilligung weiter.<\/p>\n<p><strong>Social Media<\/strong><br \/>\nWir nutzen Social Media-Plattformen. Dabei gelten dann die vom Websitebesucher mit den jeweiligen Social Media-Plattformen vereinbarten Gesch\u00e4fts- und Datenschutzbedingungen. Genaue Informationen dar\u00fcber bieten die jeweiligen Plattformen:\u00a0<a href=\"https:\/\/www.facebook.com\/policy.php\" target=\"_blank\" rel=\"noopener\">Facebook<\/a>.<\/p>\n<p><strong>Web-Analyse<br \/>\n<\/strong>Unsere Website verwendet Google Analytics, einen Webanalysedienst der Google Inc. (\u201eGoogle\u201c).<\/p>\n<p>Dazu werden Cookies verwendet, die eine Analyse der Benutzung der Website durch ihre Benutzer erm\u00f6glicht. Die dadurch erzeugten Informationen werden auf den Server des Anbieters \u00fcbertragen und dort gespeichert.<\/p>\n<p>Wir nutzen Cookies dazu, unser Angebot nutzerfreundlich zu gestalten. Einige Cookies bleiben auf Ihrem Endger\u00e4t gespeichert, bis Sie diese l\u00f6schen. Sie erm\u00f6glichen es uns, Ihren Browser beim n\u00e4chsten Besuch wiederzuerkennen.<\/p>\n<p>Wenn Sie dies nicht w\u00fcnschen, so k\u00f6nnen Sie Ihren Browser so einrichten, dass er Sie \u00fcber das Setzen von Cookies informiert und Sie dies nur im Einzelfall erlauben.<\/p>\n<p>Bei der Deaktivierung von Cookies kann die Funktionalit\u00e4t unserer Website eingeschr\u00e4nkt sein.<\/p>\n<p>Google verarbeitet m\u00f6glicherweise Informationen \u00fcber Ihren tats\u00e4chlichen Standort. Zur Standortbestimmung verwendet Google verschiedene Technologien, wie IP-Adressen, GPS und andere Sensoren, die Google beispielsweise Informationen \u00fcber nahe gelegene Ger\u00e4te, WLAN-Zugangspunkte oder Mobilfunkmasten bereitstellen.<\/p>\n<p>Google m\u00f6chte, dass Sie als Nutzer Google Dienste verstehen, wie Google Informationen nutzt und welche M\u00f6glichkeiten Sie haben, um Ihre Daten zu sch\u00fctzen.<\/p>\n<p>In der Google-Datenschutzerkl\u00e4rung wird erl\u00e4utert:<\/p>\n<p>\u2013 Welche Informationen Google erhebt und aus welchem Grund.<\/p>\n<p>\u2013 Wie Google diese Informationen nutzt.<\/p>\n<p>\u2013 Welche Wahlm\u00f6glichkeiten Google anbietet, auch im Hinblick darauf, wie auf Informationen zugegriffen werden kann und wie diese aktualisiert werden k\u00f6nnen.<\/p>\n<p>Weitere Infos und die Datenschutzbestimmungen von Google k\u00f6nnen Sie unter\u00a0<a href=\"https:\/\/www.google.de\/intl\/de\/policies\/privacy\/\" target=\"_blank\" rel=\"noopener\">https:\/\/www.google.de\/intl\/de\/policies\/privacy\/<\/a>\u00a0abrufen.<\/p>\n<p><strong>Ihre Rechte<\/strong><\/p>\n<p>Ihnen stehen grunds\u00e4tzlich die Rechte auf Auskunft, Berichtigung, L\u00f6schung, Einschr\u00e4nkung, Daten\u00fcbertragbarkeit, Widerruf und Widerspruch zu. Wenn Sie glauben, dass die Verarbeitung Ihrer Daten gegen das Datenschutzrecht verst\u00f6\u00dft oder Ihre datenschutzrechtlichen Anspr\u00fcche sonst in einer Weise verletzt worden sind, k\u00f6nnen Sie sich bei der Aufsichtsbeh\u00f6rde beschweren. In \u00d6sterreich ist dies die Datenschutzbeh\u00f6rde.<\/p>\n<p><strong>Sie erreichen uns unter oben angef\u00fchrten Kontaktdaten<\/strong>.<\/p>\n<p>Stand: Januar 2019<\/p>\n","protected":false},"excerpt":{"rendered":"<p>Informationspflicht lt. \u00a75 E-Commerce-Gesetz \u00a9 DANIELA URICH Stadtplatz 36 und 38 | 4690 Schwanenstadt email:\u00a0daniela@urich.at Mobil: +43 (0) 664 \/ 61 03 920 Tel.: +43 (0) 7673 \/ 2204 Fax: +43 (0) 7673 \/ 2204 20 Web-Konzept &amp; Realisierung:\u00a0www.aufwind.co.at Fotos: Daniela Urich, Aufwind, Adobe Stock, Manfred Baumann Plattenfirma: ENEF Media GmbH, Schallmooser Hauptstra\u00dfe 44, 5020 [&hellip;]<\/p>\n","protected":false},"author":5,"featured_media":1759,"parent":0,"menu_order":110,"comment_status":"closed","ping_status":"closed","template":"","meta":[],"_links":{"self":[{"href":"https:\/\/daniela.at\/saengerin\/wp-json\/wp\/v2\/pages\/958"}],"collection":[{"href":"https:\/\/daniela.at\/saengerin\/wp-json\/wp\/v2\/pages"}],"about":[{"href":"https:\/\/daniela.at\/saengerin\/wp-json\/wp\/v2\/types\/page"}],"author":[{"embeddable":true,"href":"https:\/\/daniela.at\/saengerin\/wp-json\/wp\/v2\/users\/5"}],"replies":[{"embeddable":true,"href":"https:\/\/daniela.at\/saengerin\/wp-json\/wp\/v2\/comments?post=958"}],"version-history":[{"count":10,"href":"https:\/\/daniela.at\/saengerin\/wp-json\/wp\/v2\/pages\/958\/revisions"}],"predecessor-version":[{"id":2378,"href":"https:\/\/daniela.at\/saengerin\/wp-json\/wp\/v2\/pages\/958\/revisions\/2378"}],"wp:featuredmedia":[{"embeddable":true,"href":"https:\/\/daniela.at\/saengerin\/wp-json\/wp\/v2\/media\/1759"}],"wp:attachment":[{"href":"https:\/\/daniela.at\/saengerin\/wp-json\/wp\/v2\/media?parent=958"}],"curies":[{"name":"wp","href":"https:\/\/api.w.org\/{rel}","templated":true}]}}