{"id":944,"date":"2018-10-05T11:17:44","date_gmt":"2018-10-05T09:17:44","guid":{"rendered":"http:\/\/daniela.aufwind.co.at\/?page_id=944"},"modified":"2023-01-11T17:08:07","modified_gmt":"2023-01-11T16:08:07","slug":"biografie","status":"publish","type":"page","link":"https:\/\/daniela.at\/saengerin\/biografie\/","title":{"rendered":"Biografie"},"content":{"rendered":"<h2>Kurzbiografie<\/h2>\n<p>In den Medien und Presseberichten wird sie als Multitalent und Powerfrau zugleich bezeichnet. Nicht nur, dass sie ihr liebstes Hobby, das Singen, l\u00e4ngst schon als Berufung sieht, betreibt sie auch seit 33 Jahren in ihrer Heimat Schwanenstadt sehr erfolgreich einen Friseursalon.<\/p>\n<p>Mit ihrem Team wurde sie 6x in Folge als einer der 10 besten Intercoiffure Salons \u00d6sterreichs ausgezeichnet. Zus\u00e4tzlich betreibt sie mit ihrem Mann Hansi seit 13 Jahren noch ein sehr feines \u201eHotel Garni&#8220; mit 24 Betten, eine eigene \u201eBoutique&#8220; und ein Friseurcaf\u00e9. Privat ist sie seit \u00fcber 30 Jahren gl\u00fccklich verheiratet und leidenschaftliche Mutter von 6 Kinder mit 2x Zwillingen. In ihrer 22-j\u00e4hrigen Musikkarriere ver\u00f6ffentlicht sie bereits 6 Alben und 2 DVDs und ist mehrfache Hitparadensiegerin im In -und Ausland. Sogar in D\u00e4nemark konnte sie mit ihrem Titel \u201eCiao, ciao Amor&#8220; einen 1. Platz erzielen.<\/p>\n<p>Weitere musikalische H\u00f6hepunkte waren eine Finalteilnahme beim S\u00fcdtiroler Alpen Grand Prix in Meran und der Gewinn des deutschen Showpreises in der Kategorie \u201eGesang&#8220;. Auch als Veranstalterin, Organisatorin und Moderatorin ihres \u00fcberaus beliebten Musi-Stadls, machte sie sich bereits seit Jahren \u00fcber die Grenzen von \u00d6sterreich hinaus einen Namen. Die N\u00e4he zum Publikum, zu ihren Fans und die Zufriedenheit der Veranstalter ist Daniela Urich besonders wichtig. Da sie auch gerne in verschiedenen Rollen wie z. B. im &#8222;Musical Elisabeth&#8220; als Kaiserin Sisi schl\u00fcpft, wurde sie von TV und Medien\u00a0 auch zur \u201eKaiserin des Schlagers\u201c gekr\u00f6nt, so freute sie sich auf weitere gro\u00dfe Herausforderungen, wie im August 2014, ihr erstes gro\u00dfes Daniela Urichs \u00a0Musi-Stadl Open-Air am historischen Stadtplatz in V\u00f6cklabruck (A) und setzte damit einen weiteren gro\u00dfen Meilenstein in ihrer musikalischen Karriere.<\/p>\n<p><a name=\"_GoBack\"><\/a>Im November 2016 machte sie in ihrer Heimatgemeinde das erste gro\u00dfe Benefiz Kirchenkonzert zu Gunsten der Schmetterlingskinder und zeigte wiederum mit der gro\u00dfen Charity Schlagernacht 2017 f\u00fcr Emily, dass sie ein ganz besonderes gro\u00dfes Herz f\u00fcr Kinder hat. Mit Star- Treff unterwegs, der gro\u00dfen TV Musikshow die das erste Mal als Open Air in ihrer Heimatstadt Schwanenstadt\u00a0 mit vielen Stars der Musikszene stattfand, erf\u00fchlte sie sich als Organisatorin, Veranstalterin und S\u00e4ngerin direkt an ihrem Geburtstag, dem 12.08.2018 einen weiteren Herzenswunsch und wurde zum riesen Erfolg !!!!<\/p>\n<p>2019 schloss sie sich an einem gro\u00dfen Projekt &#8220; Schilling f\u00fcr Shilling &#8220; f\u00fcr die \u00e4rmsten der Armen in Kenia an, dass sie mit eigenen Benefizveranstaltungen, wie zuletzt ihrer gro\u00dfen Jubil\u00e4umsfeier 40 Jahre Beruf 30 Jahre Selbstst\u00e4ndigkeit 10 Jahre Hotel Garni mit voller \u00dcberzeugung tatkr\u00e4ftig unterst\u00fctzte !! dabei nahm sie sich auch um 2 kenianische Patenkinder an, die dadurch eine Schulausbildung bekamen&#8230;&#8230; Mit dem Duett Titel\u00a0 &#8220; Du gehst fort &#8220; ein altes Liedergut mit einem Musikkollegen\u00a0 NEU aufgenommen, st\u00fcrmten sie die Hitparaden&#8230; gleich am Anfang 2022 ein neuer gro\u00dfer Highlight, dass f\u00fcr sie wie ein Ritterschlag war, ORF 2\u00a0 machte f\u00fcr die Sendung Studio 2\u00a0 in ihrem Intercoiffure\u00a0 Salon ein Portr\u00e4t von ihr, dass sie nicht ohne Grund sehr Stolz machte&#8230;<\/p>\n<p>Mit ihren ersten Best of Album ver\u00f6ffentlicht im August 2022 schaffte sie mit der Single Auskoppelung &#8220; Tausendmal&#8220; den Einstieg in den offiziellen deutschen Party &amp; Schlagercharts und in den Austrian Schlager Charts ging es gleich bis auf Plat3, auf ORF 2 in der Sendung Studio 2 durfte sie auch ihren ersten Best of Album vorstellen. In der Hitparade der NL kam der Titel auf Plat1 und im ORF Radio Salzburg wurde er das erste Mal in der &#8222;Schlagerparty&#8220; vorgestellt. Auch die n\u00e4chste Single &#8220; Diese Wahnsinns Samstagnacht&#8220;\u00a0 seit vielen Wochen ununterbrochen in den\u00a0 offiziellen deutschen Party &amp; Schlagercharts vertreten und kam sogar in die Top 100 hier dabei seid einigen Wochen sogar bestplatzierteste \u00f6sterreichische K\u00fcnstlerin.<\/p>\n<p>Zu Weihnachten 2022 pr\u00e4sentierte Daniela Urich ihren ersten eigenen Weihnachtsmarkt unter dem Motto So ganz wie es fr\u00fcher einmal war &#8220; in\u00a0 ihren selbst gestalteten\u00a0 m\u00e4rchenhaften\u00a0 Eventgarten Garten von Hotel Garni das zum gro\u00dfen Anklang fand&#8230;.<\/p>\n<p>&nbsp;<\/p>\n<div class=\"obscds\"><a href=\"https:\/\/daniela.at\/saengerin\/wp-content\/uploads\/2022\/07\/Kurzbiografie_Daniela_Urich_2022_07_01.pdf\" target=\"_blank\" rel=\"noopener\">Kurzbiografie ausdrucken<\/a><\/div>\n<div class=\"obscds\"><a href=\"\/saengerin\/wp-content\/uploads\/2019\/01\/Gesamtbiografie180119.pdf\" target=\"_blank\" rel=\"noopener\">Gesamte Biografie<\/a><\/div>\n","protected":false},"excerpt":{"rendered":"<p>Kurzbiografie In den Medien und Presseberichten wird sie als Multitalent und Powerfrau zugleich bezeichnet. Nicht nur, dass sie ihr liebstes Hobby, das Singen, l\u00e4ngst schon als Berufung sieht, betreibt sie auch seit 33 Jahren in ihrer Heimat Schwanenstadt sehr erfolgreich einen Friseursalon. Mit ihrem Team wurde sie 6x in Folge als einer der 10 besten [&hellip;]<\/p>\n","protected":false},"author":5,"featured_media":1752,"parent":0,"menu_order":40,"comment_status":"closed","ping_status":"closed","template":"","meta":[],"_links":{"self":[{"href":"https:\/\/daniela.at\/saengerin\/wp-json\/wp\/v2\/pages\/944"}],"collection":[{"href":"https:\/\/daniela.at\/saengerin\/wp-json\/wp\/v2\/pages"}],"about":[{"href":"https:\/\/daniela.at\/saengerin\/wp-json\/wp\/v2\/types\/page"}],"author":[{"embeddable":true,"href":"https:\/\/daniela.at\/saengerin\/wp-json\/wp\/v2\/users\/5"}],"replies":[{"embeddable":true,"href":"https:\/\/daniela.at\/saengerin\/wp-json\/wp\/v2\/comments?post=944"}],"version-history":[{"count":28,"href":"https:\/\/daniela.at\/saengerin\/wp-json\/wp\/v2\/pages\/944\/revisions"}],"predecessor-version":[{"id":2563,"href":"https:\/\/daniela.at\/saengerin\/wp-json\/wp\/v2\/pages\/944\/revisions\/2563"}],"wp:featuredmedia":[{"embeddable":true,"href":"https:\/\/daniela.at\/saengerin\/wp-json\/wp\/v2\/media\/1752"}],"wp:attachment":[{"href":"https:\/\/daniela.at\/saengerin\/wp-json\/wp\/v2\/media?parent=944"}],"curies":[{"name":"wp","href":"https:\/\/api.w.org\/{rel}","templated":true}]}}